{"id":516,"date":"2024-09-20T10:33:48","date_gmt":"2024-09-20T08:33:48","guid":{"rendered":"https:\/\/www.empathedu.com\/profilo-2\/"},"modified":"2024-12-15T15:27:04","modified_gmt":"2024-12-15T14:27:04","slug":"profilo-2","status":"publish","type":"page","link":"https:\/\/www.empathedu.com\/it\/profilo-2\/","title":{"rendered":"Profilo"},"content":{"rendered":"\t\t<div data-elementor-type=\"wp-page\" data-elementor-id=\"516\" class=\"elementor elementor-516 elementor-428\" data-elementor-post-type=\"page\">\n\t\t\t\t<div class=\"elementor-element elementor-element-a1fefca e-flex e-con-boxed e-con e-parent\" data-id=\"a1fefca\" data-element_type=\"container\">\n\t\t\t\t\t<div class=\"e-con-inner\">\n\t\t<div class=\"elementor-element elementor-element-a4232db e-con-full e-flex e-con e-child\" data-id=\"a4232db\" data-element_type=\"container\">\n\t\t\t\t<div class=\"elementor-element elementor-element-ede8edd elementor-widget elementor-widget-heading\" data-id=\"ede8edd\" data-element_type=\"widget\" data-widget_type=\"heading.default\">\n\t\t\t\t<div class=\"elementor-widget-container\">\n\t\t\t<h2 class=\"elementor-heading-title elementor-size-default\">Prifilo<\/h2>\t\t<\/div>\n\t\t\t\t<\/div>\n\t\t\t\t<div class=\"elementor-element elementor-element-a83743c elementor-widget elementor-widget-text-editor\" data-id=\"a83743c\" data-element_type=\"widget\" data-widget_type=\"text-editor.default\">\n\t\t\t\t<div class=\"elementor-widget-container\">\n\t\t\t\t\t\t\t<p>La pianista MIWA GOFUKU \u00e8 nata in California da genitori giapponesi, dove ha iniziato la sua formazione musicale alla Yamaha School of Music di Los Angeles. Gli anni formativi sono stati trascorsi studiando con Suzanne Wong Abe, Lana Bodnar e John Perry, e ha debuttato eseguendo il Concerto per pianoforte K. 414 di Mozart con la Santa Barbara Chamber Orchestra sotto la direzione del Maestro Heiichiro Ohyama.<\/p>\n<p>Durante la sua giovinezza, ha vinto numerosi concorsi in tutto lo stato della California, ottenendo diverse opportunit\u00e0 di esibirsi, tra cui il Concerto per pianoforte in mi minore di Chopin con la San Luis Obispo Symphony e il Maestro Michael Nowak. Ha conseguito la laurea in Musica presso l&#8217;acclamata Jacobs School of Music dell&#8217;Universit\u00e0 dell&#8217;Indiana a Bloomington, sotto la guida del Professor Leonard Hokanson (uno degli ultimi allievi di Artur Schnabel e pianista di Hermann Prey), dove ha vinto il primo premio al concorso di Concerto per pianoforte dell&#8217;Universit\u00e0, che ha portato a una performance del Concerto per pianoforte n. 2 di Saint-Sa\u00ebns con l&#8217;IU Concert Orchestra diretta dal Maestro Imr\u00e9 Pallo. Durante gli studi all&#8217;Universit\u00e0 dell&#8217;Indiana, ha avuto l&#8217;opportunit\u00e0 di essere seguita da artisti di altissimo livello, lavorando come pianista nei corsi di Franco Gulli, Miriam Fried, Janos Starker, Virginia Zeani e Kim Walker, tra gli altri.<\/p>\n<p>I suoi studi avanzati l&#8217;hanno portata al Mozarteum Festival di Salisburgo (Austria), all&#8217;Internationale Festival de Musique di Tours (Francia) e all&#8217;Aspen Music Festival (Colorado, USA), dove ha avuto la possibilit\u00e0 di imparare da leggende come Jacob Lateiner (Juilliard School) e Alexander Slobodyanik (vincitore del Concorso Van Cliburn).<\/p>\n<p>Oltre alle sue abilit\u00e0 musicali, la curiosit\u00e0 di Miwa per la gestione e i progetti creativi l&#8217;ha portata a carriere come Direttrice Artistica della Music Academy of the West, Direttrice della Pianificazione Artistica alla Santa Barbara Symphony, oltre a rappresentare artisti da concerto tra cui i violinisti Gilles Apap e Caroline Campbell, la flautista Jasmine Choi e l&#8217;ex percussionista principale della Chicago Symphony, Ted Atkatz.<\/p>\n<p>Una nuova vita come madre l&#8217;ha portata in Italia nel 2011, dove sono emerse diverse opportunit\u00e0, tra cui un periodo di cinque anni come International Business Development Manager di un&#8217;agenzia di gestione e marketing sportivo a Torino, dove ha avuto l&#8217;opportunit\u00e0 di lavorare a stretto contatto con la celebre leggenda del calcio David Trezeguet, tra gli altri, e di occuparsi di progetti dietro le quinte per club di calcio di Serie A, Formula 1 e altri sport. Ha anche assaporato la vita da attrice girando scene con il rinomato attore italiano Claudio Bisio per il film \u201cSe Mi Vuoi Bene\u201d e per uno spot commerciale per IVECO.<\/p>\n<p>Dal 2020, \u00e8 tornata alle sue radici \u2013 la musica \u2013 combinando il vasto spettro di abilit\u00e0 acquisite per insegnare e esibirsi in concerti speciali con amici, tra cui il tenore Will Ferguson, la flautista Jasmine Choi, la soprano Chiara Taigi, il mezzosoprano Rinat Shaham e con il Ruysdael Quartet, tra gli altri.<\/p>\n<p>Nel settembre 2023, ha fondato EMPATH e ha iniziato un nuovo ruolo come Direttrice della Musica per la neocostituita scuola privata PHOENIX International School di Chieri.<\/p>\n<p>La maggiore gioia della sua vita \u00e8 sua figlia, Chiara.<\/p>\t\t\t\t\t\t<\/div>\n\t\t\t\t<\/div>\n\t\t\t\t<\/div>\n\t\t\t\t\t<\/div>\n\t\t\t\t<\/div>\n\t\t\t\t<\/div>\n\t\t","protected":false},"excerpt":{"rendered":"<p>Prifilo La pianista MIWA GOFUKU \u00e8 nata in California da genitori giapponesi, dove ha iniziato la sua formazione musicale alla Yamaha School of Music di Los Angeles. Gli anni formativi sono stati trascorsi studiando con Suzanne Wong Abe, Lana Bodnar e John Perry, e ha debuttato eseguendo il Concerto per pianoforte K. 414 di Mozart [&hellip;]<\/p>\n","protected":false},"author":1,"featured_media":0,"parent":0,"menu_order":0,"comment_status":"closed","ping_status":"closed","template":"","meta":{"footnotes":""},"class_list":["post-516","page","type-page","status-publish","hentry"],"yoast_head":"<!-- This site is optimized with the Yoast SEO plugin v24.0 - https:\/\/yoast.com\/wordpress\/plugins\/seo\/ -->\n<title>Profilo - Empath<\/title>\n<meta name=\"robots\" content=\"index, follow, max-snippet:-1, max-image-preview:large, max-video-preview:-1\" \/>\n<link rel=\"canonical\" href=\"https:\/\/www.empathedu.com\/it\/profilo-2\/\" \/>\n<meta property=\"og:locale\" content=\"it_IT\" \/>\n<meta property=\"og:type\" content=\"article\" \/>\n<meta property=\"og:title\" content=\"Profilo - Empath\" \/>\n<meta property=\"og:description\" content=\"Prifilo La pianista MIWA GOFUKU \u00e8 nata in California da genitori giapponesi, dove ha iniziato la sua formazione musicale alla Yamaha School of Music di Los Angeles. Gli anni formativi sono stati trascorsi studiando con Suzanne Wong Abe, Lana Bodnar e John Perry, e ha debuttato eseguendo il Concerto per pianoforte K. 414 di Mozart [&hellip;]\" \/>\n<meta property=\"og:url\" content=\"https:\/\/www.empathedu.com\/it\/profilo-2\/\" \/>\n<meta property=\"og:site_name\" content=\"Empath\" \/>\n<meta property=\"article:modified_time\" content=\"2024-12-15T14:27:04+00:00\" \/>\n<meta name=\"twitter:card\" content=\"summary_large_image\" \/>\n<meta name=\"twitter:label1\" content=\"Tempo di lettura stimato\" \/>\n\t<meta name=\"twitter:data1\" content=\"3 minuti\" \/>\n<script type=\"application\/ld+json\" class=\"yoast-schema-graph\">{\"@context\":\"https:\/\/schema.org\",\"@graph\":[{\"@type\":\"WebPage\",\"@id\":\"https:\/\/www.empathedu.com\/it\/profilo-2\/\",\"url\":\"https:\/\/www.empathedu.com\/it\/profilo-2\/\",\"name\":\"Profilo - Empath\",\"isPartOf\":{\"@id\":\"https:\/\/www.empathedu.com\/#website\"},\"datePublished\":\"2024-09-20T08:33:48+00:00\",\"dateModified\":\"2024-12-15T14:27:04+00:00\",\"breadcrumb\":{\"@id\":\"https:\/\/www.empathedu.com\/it\/profilo-2\/#breadcrumb\"},\"inLanguage\":\"it-IT\",\"potentialAction\":[{\"@type\":\"ReadAction\",\"target\":[\"https:\/\/www.empathedu.com\/it\/profilo-2\/\"]}]},{\"@type\":\"BreadcrumbList\",\"@id\":\"https:\/\/www.empathedu.com\/it\/profilo-2\/#breadcrumb\",\"itemListElement\":[{\"@type\":\"ListItem\",\"position\":1,\"name\":\"Home\",\"item\":\"https:\/\/www.empathedu.com\/it\/\"},{\"@type\":\"ListItem\",\"position\":2,\"name\":\"Profilo\"}]},{\"@type\":\"WebSite\",\"@id\":\"https:\/\/www.empathedu.com\/#website\",\"url\":\"https:\/\/www.empathedu.com\/\",\"name\":\"Empath\",\"description\":\"\",\"potentialAction\":[{\"@type\":\"SearchAction\",\"target\":{\"@type\":\"EntryPoint\",\"urlTemplate\":\"https:\/\/www.empathedu.com\/?s={search_term_string}\"},\"query-input\":{\"@type\":\"PropertyValueSpecification\",\"valueRequired\":true,\"valueName\":\"search_term_string\"}}],\"inLanguage\":\"it-IT\"}]}<\/script>\n<!-- \/ Yoast SEO plugin. -->","yoast_head_json":{"title":"Profilo - Empath","robots":{"index":"index","follow":"follow","max-snippet":"max-snippet:-1","max-image-preview":"max-image-preview:large","max-video-preview":"max-video-preview:-1"},"canonical":"https:\/\/www.empathedu.com\/it\/profilo-2\/","og_locale":"it_IT","og_type":"article","og_title":"Profilo - Empath","og_description":"Prifilo La pianista MIWA GOFUKU \u00e8 nata in California da genitori giapponesi, dove ha iniziato la sua formazione musicale alla Yamaha School of Music di Los Angeles. Gli anni formativi sono stati trascorsi studiando con Suzanne Wong Abe, Lana Bodnar e John Perry, e ha debuttato eseguendo il Concerto per pianoforte K. 414 di Mozart [&hellip;]","og_url":"https:\/\/www.empathedu.com\/it\/profilo-2\/","og_site_name":"Empath","article_modified_time":"2024-12-15T14:27:04+00:00","twitter_card":"summary_large_image","twitter_misc":{"Tempo di lettura stimato":"3 minuti"},"schema":{"@context":"https:\/\/schema.org","@graph":[{"@type":"WebPage","@id":"https:\/\/www.empathedu.com\/it\/profilo-2\/","url":"https:\/\/www.empathedu.com\/it\/profilo-2\/","name":"Profilo - Empath","isPartOf":{"@id":"https:\/\/www.empathedu.com\/#website"},"datePublished":"2024-09-20T08:33:48+00:00","dateModified":"2024-12-15T14:27:04+00:00","breadcrumb":{"@id":"https:\/\/www.empathedu.com\/it\/profilo-2\/#breadcrumb"},"inLanguage":"it-IT","potentialAction":[{"@type":"ReadAction","target":["https:\/\/www.empathedu.com\/it\/profilo-2\/"]}]},{"@type":"BreadcrumbList","@id":"https:\/\/www.empathedu.com\/it\/profilo-2\/#breadcrumb","itemListElement":[{"@type":"ListItem","position":1,"name":"Home","item":"https:\/\/www.empathedu.com\/it\/"},{"@type":"ListItem","position":2,"name":"Profilo"}]},{"@type":"WebSite","@id":"https:\/\/www.empathedu.com\/#website","url":"https:\/\/www.empathedu.com\/","name":"Empath","description":"","potentialAction":[{"@type":"SearchAction","target":{"@type":"EntryPoint","urlTemplate":"https:\/\/www.empathedu.com\/?s={search_term_string}"},"query-input":{"@type":"PropertyValueSpecification","valueRequired":true,"valueName":"search_term_string"}}],"inLanguage":"it-IT"}]}},"_links":{"self":[{"href":"https:\/\/www.empathedu.com\/it\/wp-json\/wp\/v2\/pages\/516","targetHints":{"allow":["GET"]}}],"collection":[{"href":"https:\/\/www.empathedu.com\/it\/wp-json\/wp\/v2\/pages"}],"about":[{"href":"https:\/\/www.empathedu.com\/it\/wp-json\/wp\/v2\/types\/page"}],"author":[{"embeddable":true,"href":"https:\/\/www.empathedu.com\/it\/wp-json\/wp\/v2\/users\/1"}],"replies":[{"embeddable":true,"href":"https:\/\/www.empathedu.com\/it\/wp-json\/wp\/v2\/comments?post=516"}],"version-history":[{"count":4,"href":"https:\/\/www.empathedu.com\/it\/wp-json\/wp\/v2\/pages\/516\/revisions"}],"predecessor-version":[{"id":607,"href":"https:\/\/www.empathedu.com\/it\/wp-json\/wp\/v2\/pages\/516\/revisions\/607"}],"wp:attachment":[{"href":"https:\/\/www.empathedu.com\/it\/wp-json\/wp\/v2\/media?parent=516"}],"curies":[{"name":"wp","href":"https:\/\/api.w.org\/{rel}","templated":true}]}}